{"id":1391,"date":"2024-05-28T10:27:20","date_gmt":"2024-05-28T08:27:20","guid":{"rendered":"https:\/\/liri.a.vaia.cloud\/rent-an-electric-car-with-us\/"},"modified":"2024-06-14T10:36:21","modified_gmt":"2024-06-14T08:36:21","slug":"rent-an-electric-car-with-us","status":"publish","type":"page","link":"https:\/\/valadalen.se\/en\/rent-an-electric-car-with-us\/","title":{"rendered":"Rent an electric car"},"content":{"rendered":"<p><div class=\"fusion-fullwidth fullwidth-box fusion-builder-row-1 fusion-flex-container has-pattern-background has-mask-background hundred-percent-fullwidth non-hundred-percent-height-scrolling\" style=\"--awb-border-radius-top-left:0px;--awb-border-radius-top-right:0px;--awb-border-radius-bottom-right:0px;--awb-border-radius-bottom-left:0px;--awb-padding-right:0px;--awb-padding-left:0px;--awb-flex-wrap:wrap;\" ><div class=\"fusion-builder-row fusion-row fusion-flex-align-items-stretch fusion-flex-content-wrap\" style=\"width:calc( 100% + 0px ) !important;max-width:calc( 100% + 0px ) !important;margin-left: calc(-0px \/ 2 );margin-right: calc(-0px \/ 2 );\"><div class=\"fusion-layout-column fusion_builder_column fusion-builder-column-0 fusion-flex-column fusion-animated\" style=\"--awb-padding-top:4vw;--awb-padding-right:4vw;--awb-padding-bottom:2vw;--awb-padding-left:6vw;--awb-padding-top-medium:18vw;--awb-padding-right-medium:6vw;--awb-padding-bottom-medium:6vw;--awb-padding-left-medium:6vw;--awb-bg-color:var(--awb-color7);--awb-bg-color-hover:var(--awb-color7);--awb-bg-image:linear-gradient(180deg, hsla(var(--awb-color6-h),var(--awb-color6-s),var(--awb-color6-l),calc(var(--awb-color6-a) - 100%)) 19%,hsla(var(--awb-color6-h),var(--awb-color6-s),calc(var(--awb-color6-l) - 22%),calc(var(--awb-color6-a) - 23%)) 100%);--awb-bg-position:center center;--awb-bg-size:cover;--awb-width-large:57%;--awb-margin-top-large:0px;--awb-spacing-right-large:0px;--awb-margin-bottom-large:0px;--awb-spacing-left-large:0px;--awb-width-medium:100%;--awb-order-medium:2;--awb-spacing-right-medium:0px;--awb-spacing-left-medium:0px;--awb-width-small:100%;--awb-order-small:0;--awb-spacing-right-small:0px;--awb-spacing-left-small:0px;\" data-animationType=\"fadeIn\" data-animationDuration=\"0.8\" data-animationOffset=\"top-into-view\"><div class=\"awb-column__background-slider\" ><div class=\"awb-background-slider\" data-type=\"column\" data-loop=\"yes\" data-animation=\"fade\" data-slideshow-speed=\"3000\" data-animation-speed=\"1000\" data-direction=\"right\" style=\"--awb-image-position:42% 93%;\"><div class=\"swiper-wrapper\"><div class=\"swiper-slide\"><img decoding=\"async\" width=\"1900\" height=\"670\" src=\"https:\/\/valadalen.se\/wp-content\/uploads\/2024\/05\/e-go_20201023_05_taigaphoto_webb.jpg\" class=\"awb-background-slider__image\" alt=\"\" srcset=\"https:\/\/valadalen.se\/wp-content\/uploads\/2024\/05\/e-go_20201023_05_taigaphoto_webb-200x71.jpg 200w, https:\/\/valadalen.se\/wp-content\/uploads\/2024\/05\/e-go_20201023_05_taigaphoto_webb-300x106.jpg 300w, https:\/\/valadalen.se\/wp-content\/uploads\/2024\/05\/e-go_20201023_05_taigaphoto_webb-400x141.jpg 400w, https:\/\/valadalen.se\/wp-content\/uploads\/2024\/05\/e-go_20201023_05_taigaphoto_webb-600x212.jpg 600w, https:\/\/valadalen.se\/wp-content\/uploads\/2024\/05\/e-go_20201023_05_taigaphoto_webb-768x271.jpg 768w, https:\/\/valadalen.se\/wp-content\/uploads\/2024\/05\/e-go_20201023_05_taigaphoto_webb-800x282.jpg 800w, https:\/\/valadalen.se\/wp-content\/uploads\/2024\/05\/e-go_20201023_05_taigaphoto_webb-1024x361.jpg 1024w, https:\/\/valadalen.se\/wp-content\/uploads\/2024\/05\/e-go_20201023_05_taigaphoto_webb-1200x423.jpg 1200w, https:\/\/valadalen.se\/wp-content\/uploads\/2024\/05\/e-go_20201023_05_taigaphoto_webb-1536x542.jpg 1536w, https:\/\/valadalen.se\/wp-content\/uploads\/2024\/05\/e-go_20201023_05_taigaphoto_webb.jpg 1900w\" sizes=\"(max-width: 1900px) 100vw, 1900px\" \/><\/div><\/div><\/div><\/div><div class=\"fusion-column-wrapper fusion-column-has-shadow fusion-flex-justify-content-flex-end fusion-content-layout-column\"><div class=\"awb-column__content\"><\/div><\/div><\/div><div class=\"fusion-layout-column fusion_builder_column fusion-builder-column-1 fusion-flex-column fusion-animated\" style=\"--awb-padding-top:5vw;--awb-padding-right:6vw;--awb-padding-bottom:5vw;--awb-padding-left:6vw;--awb-padding-top-medium:9vw;--awb-padding-bottom-medium:9vw;--awb-padding-top-small:30px;--awb-padding-right-small:30px;--awb-padding-bottom-small:10px;--awb-padding-left-small:30px;--awb-bg-color:var(--awb-color4);--awb-bg-color-hover:var(--awb-color4);--awb-bg-position:center center;--awb-bg-size:cover;--awb-width-large:43%;--awb-margin-top-large:0px;--awb-spacing-right-large:0px;--awb-margin-bottom-large:0px;--awb-spacing-left-large:0px;--awb-width-medium:100%;--awb-order-medium:0;--awb-spacing-right-medium:0px;--awb-spacing-left-medium:0px;--awb-width-small:100%;--awb-order-small:1;--awb-spacing-right-small:0px;--awb-spacing-left-small:0px;\" data-animationType=\"fadeIn\" data-animationDuration=\"0.8\" data-animationOffset=\"top-into-view\"><div class=\"fusion-column-wrapper fusion-column-has-shadow fusion-flex-justify-content-flex-start fusion-content-layout-row\"><div class=\"fusion-title title fusion-title-1 fusion-sep-none fusion-title-text fusion-title-size-one\" style=\"--awb-text-color:var(--awb-color6);--awb-margin-top-medium:0px;--awb-margin-right-medium:0px;--awb-font-size:40px;\"><h1 class=\"fusion-title-heading title-heading-left md-text-align-center fusion-responsive-typography-calculated\" style=\"margin:0;font-size:1em;--fontSize:40;line-height:1;\"><span class=\"quickedit-field\" data-quickedit-field-id=\"node\/700\/title\/sv\/full\">Rent an electric car from E-go<\/span><\/h1><\/div><\/div><\/div><\/div><\/div><div class=\"fusion-fullwidth fullwidth-box fusion-builder-row-2 fusion-flex-container has-pattern-background has-mask-background nonhundred-percent-fullwidth non-hundred-percent-height-scrolling\" style=\"--awb-border-radius-top-left:0px;--awb-border-radius-top-right:0px;--awb-border-radius-bottom-right:0px;--awb-border-radius-bottom-left:0px;--awb-padding-bottom:80px;--awb-padding-bottom-medium:90px;--awb-background-color:#f0eee5;--awb-flex-wrap:wrap;\" ><div class=\"fusion-builder-row fusion-row fusion-flex-align-items-flex-start fusion-flex-content-wrap\" style=\"max-width:calc( 1200px + 65px );margin-left: calc(-65px \/ 2 );margin-right: calc(-65px \/ 2 );\"><div class=\"fusion-layout-column fusion_builder_column fusion-builder-column-2 fusion_builder_column_1_2 1_2 fusion-flex-column\" style=\"--awb-bg-size:cover;--awb-width-large:50%;--awb-margin-top-large:8%;--awb-spacing-right-large:32.5px;--awb-margin-bottom-large:4%;--awb-spacing-left-large:32.5px;--awb-width-medium:50%;--awb-order-medium:0;--awb-spacing-right-medium:32.5px;--awb-spacing-left-medium:32.5px;--awb-width-small:100%;--awb-order-small:0;--awb-spacing-right-small:32.5px;--awb-spacing-left-small:32.5px;\"><div class=\"fusion-column-wrapper fusion-column-has-shadow fusion-flex-justify-content-flex-start fusion-content-layout-column\"><div class=\"fusion-title title fusion-title-2 fusion-sep-none fusion-title-text fusion-title-size-two\" style=\"--awb-text-color:var(--awb-color6);--awb-margin-bottom-small:20px;--awb-font-size:40px;\"><h2 class=\"fusion-title-heading title-heading-left fusion-responsive-typography-calculated\" style=\"margin:0;font-size:1em;--fontSize:40;line-height:var(--awb-typography1-line-height);\">E-go rental car<\/h2><\/div><div class=\"fusion-text fusion-text-1\"><p><strong>The car-sharing company E-go is now being launched in S\u00f6dra \u00c5refj\u00e4llen and \u00c5re. Visitors and locals can book, rent and drop off electric cars at several central hubs in the resorts.<\/strong><\/p>\n<\/div><div style=\"text-align:left;\"><a class=\"fusion-button button-flat fusion-button-default-size button-default fusion-button-default button-1 fusion-button-default-span fusion-button-default-type\" style=\"--button_padding-right:40px;--button_padding-left:40px;--button_margin-top:20px;\" target=\"_blank\" rel=\"noopener noreferrer\" data-hover=\"text_slide_up\" href=\"https:\/\/se.mer.eco\/\"><div class=\"awb-button-text-transition\"><span class=\"fusion-button-text\">To booking<\/span><span class=\"fusion-button-text\">To booking<\/span><\/div><\/a><\/div><\/div><\/div><div class=\"fusion-layout-column fusion_builder_column fusion-builder-column-3 fusion_builder_column_1_2 1_2 fusion-flex-column\" style=\"--awb-bg-size:cover;--awb-width-large:50%;--awb-margin-top-large:8%;--awb-spacing-right-large:32.5px;--awb-margin-bottom-large:4%;--awb-spacing-left-large:32.5px;--awb-width-medium:50%;--awb-order-medium:0;--awb-spacing-right-medium:32.5px;--awb-spacing-left-medium:32.5px;--awb-width-small:100%;--awb-order-small:0;--awb-spacing-right-small:32.5px;--awb-spacing-left-small:32.5px;\"><div class=\"fusion-column-wrapper fusion-column-has-shadow fusion-flex-justify-content-flex-start fusion-content-layout-column\"><\/div><\/div><div class=\"fusion-layout-column fusion_builder_column fusion-builder-column-4 fusion_builder_column_1_2 1_2 fusion-flex-column\" style=\"--awb-bg-size:cover;--awb-width-large:50%;--awb-margin-top-large:0px;--awb-spacing-right-large:32.5px;--awb-margin-bottom-large:20px;--awb-spacing-left-large:32.5px;--awb-width-medium:50%;--awb-order-medium:0;--awb-spacing-right-medium:32.5px;--awb-spacing-left-medium:32.5px;--awb-width-small:100%;--awb-order-small:0;--awb-spacing-right-small:32.5px;--awb-spacing-left-small:32.5px;\"><div class=\"fusion-column-wrapper fusion-column-has-shadow fusion-flex-justify-content-flex-start fusion-content-layout-column\"><div class=\"fusion-title title fusion-title-3 fusion-sep-none fusion-title-text fusion-title-size-two\" style=\"--awb-text-color:var(--awb-color6);--awb-margin-bottom-small:20px;--awb-font-size:30px;\"><h2 class=\"fusion-title-heading title-heading-left fusion-responsive-typography-calculated\" style=\"margin:0;font-size:1em;--fontSize:30;line-height:var(--awb-typography1-line-height);\">About E-go<\/h2><\/div><\/div><\/div><div class=\"fusion-layout-column fusion_builder_column fusion-builder-column-5 fusion_builder_column_1_1 1_1 fusion-flex-column\" style=\"--awb-bg-size:cover;--awb-width-large:100%;--awb-margin-top-large:0px;--awb-spacing-right-large:32.5px;--awb-margin-bottom-large:4%;--awb-spacing-left-large:32.5px;--awb-width-medium:100%;--awb-order-medium:0;--awb-spacing-right-medium:32.5px;--awb-spacing-left-medium:32.5px;--awb-width-small:100%;--awb-order-small:0;--awb-spacing-right-small:32.5px;--awb-spacing-left-small:32.5px;\"><div class=\"fusion-column-wrapper fusion-column-has-shadow fusion-flex-justify-content-flex-start fusion-content-layout-column\"><div class=\"fusion-text fusion-text-2 awb-text-cols fusion-text-columns-2\" style=\"--awb-columns:2;--awb-column-spacing:2em;--awb-column-min-width:500px;\"><p><b>E-go is a start-up car sharing company that has 100% electric cars in its fleet. The company focuses on car sharing in places with a lot of tourism. After a successful launch on Gotland this summer, E-go is now being established in S\u00f6dra \u00c5refj\u00e4llen and \u00c5re.  <\/b><\/p>\n<p>&#8211; People want to travel sustainably but still have the flexibility to move around the place they are visiting. With access to smart car sharing on site, tourists can travel more climate-smart without compromising on the experience. At the same time, it helps to build a car-sharing infrastructure that local people can also use,&#8221; says Johan Granath, CEO and founder of E-go.<\/p>\n<p>The launch takes place during the fall break week in collaboration with S\u00f6dra \u00c5refj\u00e4llen Economic Association. E-gos electric cars will be available for pick-up and drop-off at several central hubs in S\u00f6dra \u00c5refj\u00e4llen and \u00c5re, enabling visitors to make day trips and get more out of their journey. The electric cars can be rented both by the hour and by the day. It is also possible to leave the car at a different location than where it was picked up.<\/p>\n<p>&#8211; Many visitors to \u00c5re want to make day trips to S\u00f6dra \u00c5refj\u00e4llen, not least since V\u00e5l\u00e5dalen opened its pre-season trails for cross-country skiing in mid-October. It is positive that more opportunities to move between \u00c5re and S\u00f6dra \u00c5refj\u00e4llen are opening up for visitors who have come here without their own car,&#8221; says Therese Sj\u00f6lundh, CEO of \u00c5re Destination.<\/p>\n<p>S\u00f6dra \u00c5refj\u00e4llen Economic Association has been working for a couple of years to reduce car dependency for visitors and local residents in the resort. The possibility to rent a car through E-go is one of several services that help increase mobility for visitors arriving without a car, while it can also be an option for local residents who want to travel in a more climate-friendly way.<\/p>\n<p>&#8211; We want to increase the service for visitors and residents in S\u00f6dra \u00c5refj\u00e4llen while contributing our part in the climate transition. &#8220;An important part of reducing the climate impact of the tourism industry is to make it easier for visitors to arrive by train and thus reduce the number of long car journeys across the country,&#8221; says Per-Ivar Persson, project manager at S\u00f6dra \u00c5refj\u00e4llen ekonomisk f\u00f6rening.<\/p>\n<p>During the year, pilots of car sharing and <a href=\"https:\/\/sodraarefjallen.se\/hemleverans\/\" target=\"_blank\" rel=\"noopener\">home deliveries<\/a> were launched. This summer also saw the start of a trial of <a href=\"https:\/\/sodraarefjallen.se\/anropsstyrdtrafik\/\" target=\"_blank\" rel=\"noopener\">on-demand transport through the Mountain Experience bus<\/a>, which will continue to run during the winter season.<\/p>\n<p>&#8211; The mountain experience bus has helped to improve the possibilities for visitors to get between the train station and the accommodation facilities. But many of our visitors also ask for day-trip opportunities, which may be one reason why they choose to drive here. With the possibility of renting an electric car on site, we connect the villages in S\u00f6dra \u00c5refj\u00e4llen and \u00c5re for visitors who take the train here, says Catarina Seiler, booking manager at V\u00e5l\u00e5dalen Mountain Station.<\/p>\n<p>Initially, five electric cars will be available for rental in S\u00f6dra \u00c5refj\u00e4llen and \u00c5re. Cars can be picked up and dropped off at several locations in S\u00f6dra \u00c5refj\u00e4llen and \u00c5re, including near the train station in Unders\u00e5ker and at several accommodation facilities in the resorts. The number of electric cars will be gradually increased during the season to meet the demand from visitors and local residents.<\/p>\n<p>The electric cars are booked through the E-go app, which is available for download in <a href=\"https:\/\/apps.apple.com\/se\/app\/e-go-carsharing\/id1505309944\" target=\"_blank\" rel=\"noopener\">Appstore for iPhone<\/a> and <a href=\"https:\/\/play.google.com\/store\/apps\/details?id=com.rcimobility.ego&amp;hl=sv\" target=\"_blank\" rel=\"noopener\">Google Play for Android<\/a>. It can also be booked through <a href=\"https:\/\/app.e-go.se\/#\/login\" target=\"_blank\" rel=\"noopener\">E-gos online booking<\/a>. The app allows you to see where cars are available and to pre-book a car if necessary.<\/p>\n<\/div><\/div><\/div><\/div><\/div><\/p>\n","protected":false},"excerpt":{"rendered":"","protected":false},"author":1,"featured_media":0,"parent":0,"menu_order":0,"comment_status":"closed","ping_status":"closed","template":"100-width.php","meta":{"footnotes":""},"class_list":["post-1391","page","type-page","status-publish","hentry"],"yoast_head":"<!-- This site is optimized with the Yoast SEO plugin v25.3.1 - https:\/\/yoast.com\/wordpress\/plugins\/seo\/ -->\n<title>Rent an electric car | V\u00e5l\u00e5dalens Fj\u00e4llstation<\/title>\n<meta name=\"robots\" content=\"index, follow, max-snippet:-1, max-image-preview:large, max-video-preview:-1\" \/>\n<link rel=\"canonical\" href=\"https:\/\/valadalen.se\/en\/rent-an-electric-car-with-us\/\" \/>\n<meta property=\"og:locale\" content=\"en_US\" \/>\n<meta property=\"og:type\" content=\"article\" \/>\n<meta property=\"og:title\" content=\"Rent an electric car | V\u00e5l\u00e5dalens Fj\u00e4llstation\" \/>\n<meta property=\"og:url\" content=\"https:\/\/valadalen.se\/en\/rent-an-electric-car-with-us\/\" \/>\n<meta property=\"og:site_name\" content=\"V\u00e5l\u00e5dalens Fj\u00e4llstation\" \/>\n<meta property=\"article:publisher\" content=\"https:\/\/www.facebook.com\/valadalen\/\" \/>\n<meta property=\"article:modified_time\" content=\"2024-06-14T08:36:21+00:00\" \/>\n<meta property=\"og:image\" content=\"https:\/\/valadalen.se\/wp-content\/uploads\/2024\/05\/Anette-Andersson_140818_4592_HIRES-hemsidan.jpg\" \/>\n\t<meta property=\"og:image:width\" content=\"1900\" \/>\n\t<meta property=\"og:image:height\" content=\"670\" \/>\n\t<meta property=\"og:image:type\" content=\"image\/jpeg\" \/>\n<meta name=\"twitter:card\" content=\"summary_large_image\" \/>\n<meta name=\"twitter:label1\" content=\"Est. reading time\" \/>\n\t<meta name=\"twitter:data1\" content=\"15 minutes\" \/>\n<script type=\"application\/ld+json\" class=\"yoast-schema-graph\">{\"@context\":\"https:\/\/schema.org\",\"@graph\":[{\"@type\":\"WebPage\",\"@id\":\"https:\/\/valadalen.se\/en\/rent-an-electric-car-with-us\/\",\"url\":\"https:\/\/valadalen.se\/en\/rent-an-electric-car-with-us\/\",\"name\":\"Rent an electric car | V\u00e5l\u00e5dalens Fj\u00e4llstation\",\"isPartOf\":{\"@id\":\"https:\/\/valadalen.se\/en\/#website\"},\"datePublished\":\"2024-05-28T08:27:20+00:00\",\"dateModified\":\"2024-06-14T08:36:21+00:00\",\"breadcrumb\":{\"@id\":\"https:\/\/valadalen.se\/en\/rent-an-electric-car-with-us\/#breadcrumb\"},\"inLanguage\":\"en-US\",\"potentialAction\":[{\"@type\":\"ReadAction\",\"target\":[\"https:\/\/valadalen.se\/en\/rent-an-electric-car-with-us\/\"]}]},{\"@type\":\"BreadcrumbList\",\"@id\":\"https:\/\/valadalen.se\/en\/rent-an-electric-car-with-us\/#breadcrumb\",\"itemListElement\":[{\"@type\":\"ListItem\",\"position\":1,\"name\":\"Hem\",\"item\":\"https:\/\/valadalen.se\/en\/\"},{\"@type\":\"ListItem\",\"position\":2,\"name\":\"Rent an electric car\"}]},{\"@type\":\"WebSite\",\"@id\":\"https:\/\/valadalen.se\/en\/#website\",\"url\":\"https:\/\/valadalen.se\/en\/\",\"name\":\"V\u00e5l\u00e5dalens Fj\u00e4llstation\",\"description\":\"I V\u00e5l\u00e5dalen m\u00f6ts v\u00e4rldens b\u00e4sta skid\u00e5kare, glada motion\u00e4rer och barnfamiljer.\",\"publisher\":{\"@id\":\"https:\/\/valadalen.se\/en\/#organization\"},\"alternateName\":\"V\u00e5l\u00e5dalens Fj\u00e4llstation\",\"potentialAction\":[{\"@type\":\"SearchAction\",\"target\":{\"@type\":\"EntryPoint\",\"urlTemplate\":\"https:\/\/valadalen.se\/en\/?s={search_term_string}\"},\"query-input\":{\"@type\":\"PropertyValueSpecification\",\"valueRequired\":true,\"valueName\":\"search_term_string\"}}],\"inLanguage\":\"en-US\"},{\"@type\":\"Organization\",\"@id\":\"https:\/\/valadalen.se\/en\/#organization\",\"name\":\"V\u00e5l\u00e5dalens Fj\u00e4llstation\",\"url\":\"https:\/\/valadalen.se\/en\/\",\"logo\":{\"@type\":\"ImageObject\",\"inLanguage\":\"en-US\",\"@id\":\"https:\/\/valadalen.se\/en\/#\/schema\/logo\/image\/\",\"url\":\"https:\/\/valadalen.se\/wp-content\/uploads\/2024\/05\/valadalen-logotyp-mob@2x.webp\",\"contentUrl\":\"https:\/\/valadalen.se\/wp-content\/uploads\/2024\/05\/valadalen-logotyp-mob@2x.webp\",\"width\":300,\"height\":57,\"caption\":\"V\u00e5l\u00e5dalens Fj\u00e4llstation\"},\"image\":{\"@id\":\"https:\/\/valadalen.se\/en\/#\/schema\/logo\/image\/\"},\"sameAs\":[\"https:\/\/www.facebook.com\/valadalen\/\",\"https:\/\/www.instagram.com\/valadalensfjallstation\/\"]}]}<\/script>\n<!-- \/ Yoast SEO plugin. -->","yoast_head_json":{"title":"Rent an electric car | V\u00e5l\u00e5dalens Fj\u00e4llstation","robots":{"index":"index","follow":"follow","max-snippet":"max-snippet:-1","max-image-preview":"max-image-preview:large","max-video-preview":"max-video-preview:-1"},"canonical":"https:\/\/valadalen.se\/en\/rent-an-electric-car-with-us\/","og_locale":"en_US","og_type":"article","og_title":"Rent an electric car | V\u00e5l\u00e5dalens Fj\u00e4llstation","og_url":"https:\/\/valadalen.se\/en\/rent-an-electric-car-with-us\/","og_site_name":"V\u00e5l\u00e5dalens Fj\u00e4llstation","article_publisher":"https:\/\/www.facebook.com\/valadalen\/","article_modified_time":"2024-06-14T08:36:21+00:00","og_image":[{"width":1900,"height":670,"url":"https:\/\/valadalen.se\/wp-content\/uploads\/2024\/05\/Anette-Andersson_140818_4592_HIRES-hemsidan.jpg","type":"image\/jpeg"}],"twitter_card":"summary_large_image","twitter_misc":{"Est. reading time":"15 minutes"},"schema":{"@context":"https:\/\/schema.org","@graph":[{"@type":"WebPage","@id":"https:\/\/valadalen.se\/en\/rent-an-electric-car-with-us\/","url":"https:\/\/valadalen.se\/en\/rent-an-electric-car-with-us\/","name":"Rent an electric car | V\u00e5l\u00e5dalens Fj\u00e4llstation","isPartOf":{"@id":"https:\/\/valadalen.se\/en\/#website"},"datePublished":"2024-05-28T08:27:20+00:00","dateModified":"2024-06-14T08:36:21+00:00","breadcrumb":{"@id":"https:\/\/valadalen.se\/en\/rent-an-electric-car-with-us\/#breadcrumb"},"inLanguage":"en-US","potentialAction":[{"@type":"ReadAction","target":["https:\/\/valadalen.se\/en\/rent-an-electric-car-with-us\/"]}]},{"@type":"BreadcrumbList","@id":"https:\/\/valadalen.se\/en\/rent-an-electric-car-with-us\/#breadcrumb","itemListElement":[{"@type":"ListItem","position":1,"name":"Hem","item":"https:\/\/valadalen.se\/en\/"},{"@type":"ListItem","position":2,"name":"Rent an electric car"}]},{"@type":"WebSite","@id":"https:\/\/valadalen.se\/en\/#website","url":"https:\/\/valadalen.se\/en\/","name":"V\u00e5l\u00e5dalens Fj\u00e4llstation","description":"I V\u00e5l\u00e5dalen m\u00f6ts v\u00e4rldens b\u00e4sta skid\u00e5kare, glada motion\u00e4rer och barnfamiljer.","publisher":{"@id":"https:\/\/valadalen.se\/en\/#organization"},"alternateName":"V\u00e5l\u00e5dalens Fj\u00e4llstation","potentialAction":[{"@type":"SearchAction","target":{"@type":"EntryPoint","urlTemplate":"https:\/\/valadalen.se\/en\/?s={search_term_string}"},"query-input":{"@type":"PropertyValueSpecification","valueRequired":true,"valueName":"search_term_string"}}],"inLanguage":"en-US"},{"@type":"Organization","@id":"https:\/\/valadalen.se\/en\/#organization","name":"V\u00e5l\u00e5dalens Fj\u00e4llstation","url":"https:\/\/valadalen.se\/en\/","logo":{"@type":"ImageObject","inLanguage":"en-US","@id":"https:\/\/valadalen.se\/en\/#\/schema\/logo\/image\/","url":"https:\/\/valadalen.se\/wp-content\/uploads\/2024\/05\/valadalen-logotyp-mob@2x.webp","contentUrl":"https:\/\/valadalen.se\/wp-content\/uploads\/2024\/05\/valadalen-logotyp-mob@2x.webp","width":300,"height":57,"caption":"V\u00e5l\u00e5dalens Fj\u00e4llstation"},"image":{"@id":"https:\/\/valadalen.se\/en\/#\/schema\/logo\/image\/"},"sameAs":["https:\/\/www.facebook.com\/valadalen\/","https:\/\/www.instagram.com\/valadalensfjallstation\/"]}]}},"_links":{"self":[{"href":"https:\/\/valadalen.se\/en\/wp-json\/wp\/v2\/pages\/1391","targetHints":{"allow":["GET"]}}],"collection":[{"href":"https:\/\/valadalen.se\/en\/wp-json\/wp\/v2\/pages"}],"about":[{"href":"https:\/\/valadalen.se\/en\/wp-json\/wp\/v2\/types\/page"}],"author":[{"embeddable":true,"href":"https:\/\/valadalen.se\/en\/wp-json\/wp\/v2\/users\/1"}],"replies":[{"embeddable":true,"href":"https:\/\/valadalen.se\/en\/wp-json\/wp\/v2\/comments?post=1391"}],"version-history":[{"count":5,"href":"https:\/\/valadalen.se\/en\/wp-json\/wp\/v2\/pages\/1391\/revisions"}],"predecessor-version":[{"id":1517,"href":"https:\/\/valadalen.se\/en\/wp-json\/wp\/v2\/pages\/1391\/revisions\/1517"}],"wp:attachment":[{"href":"https:\/\/valadalen.se\/en\/wp-json\/wp\/v2\/media?parent=1391"}],"curies":[{"name":"wp","href":"https:\/\/api.w.org\/{rel}","templated":true}]}}