{"id":1484,"date":"2024-05-24T11:47:28","date_gmt":"2024-05-24T09:47:28","guid":{"rendered":"https:\/\/liri.a.vaia.cloud\/downhill-skiing\/"},"modified":"2024-06-13T14:38:05","modified_gmt":"2024-06-13T12:38:05","slug":"downhill-skiing","status":"publish","type":"page","link":"https:\/\/valadalen.se\/en\/winter\/downhill-skiing\/","title":{"rendered":"Downhill skiing"},"content":{"rendered":"<p><div class=\"fusion-fullwidth fullwidth-box fusion-builder-row-1 fusion-flex-container has-pattern-background has-mask-background hundred-percent-fullwidth non-hundred-percent-height-scrolling\" style=\"--awb-border-radius-top-left:0px;--awb-border-radius-top-right:0px;--awb-border-radius-bottom-right:0px;--awb-border-radius-bottom-left:0px;--awb-padding-right:0px;--awb-padding-left:0px;--awb-flex-wrap:wrap;\" ><div class=\"fusion-builder-row fusion-row fusion-flex-align-items-stretch fusion-flex-content-wrap\" style=\"width:calc( 100% + 0px ) !important;max-width:calc( 100% + 0px ) !important;margin-left: calc(-0px \/ 2 );margin-right: calc(-0px \/ 2 );\"><div class=\"fusion-layout-column fusion_builder_column fusion-builder-column-0 fusion-flex-column fusion-animated\" style=\"--awb-padding-top:4vw;--awb-padding-right:4vw;--awb-padding-bottom:2vw;--awb-padding-left:6vw;--awb-padding-top-medium:18vw;--awb-padding-right-medium:6vw;--awb-padding-bottom-medium:6vw;--awb-padding-left-medium:6vw;--awb-padding-top-small:100px;--awb-padding-bottom-small:100px;--awb-bg-color:var(--awb-color7);--awb-bg-color-hover:var(--awb-color7);--awb-bg-image:linear-gradient(180deg, hsla(var(--awb-color6-h),var(--awb-color6-s),var(--awb-color6-l),calc(var(--awb-color6-a) - 100%)) 19%,hsla(var(--awb-color6-h),var(--awb-color6-s),calc(var(--awb-color6-l) - 22%),calc(var(--awb-color6-a) - 23%)) 100%);--awb-bg-position:center center;--awb-bg-size:cover;--awb-width-large:57%;--awb-margin-top-large:0px;--awb-spacing-right-large:0px;--awb-margin-bottom-large:0px;--awb-spacing-left-large:0px;--awb-width-medium:100%;--awb-order-medium:2;--awb-spacing-right-medium:0px;--awb-spacing-left-medium:0px;--awb-width-small:100%;--awb-order-small:0;--awb-spacing-right-small:0px;--awb-spacing-left-small:0px;\" data-animationType=\"fadeIn\" data-animationDuration=\"0.8\" data-animationOffset=\"top-into-view\"><div class=\"awb-column__background-slider\" ><div class=\"awb-background-slider\" data-type=\"column\" data-loop=\"yes\" data-animation=\"fade\" data-slideshow-speed=\"3000\" data-animation-speed=\"1000\" data-direction=\"right\" style=\"--awb-image-position:46% 65%;\"><div class=\"swiper-wrapper\"><div class=\"swiper-slide\"><img decoding=\"async\" width=\"1900\" height=\"1200\" src=\"https:\/\/valadalen.se\/wp-content\/uploads\/2024\/05\/Anette-Andersson_130418_0514_HIRES-2000pix.jpg\" class=\"awb-background-slider__image\" alt=\"\" srcset=\"https:\/\/valadalen.se\/wp-content\/uploads\/2024\/05\/Anette-Andersson_130418_0514_HIRES-2000pix-200x126.jpg 200w, https:\/\/valadalen.se\/wp-content\/uploads\/2024\/05\/Anette-Andersson_130418_0514_HIRES-2000pix-300x189.jpg 300w, https:\/\/valadalen.se\/wp-content\/uploads\/2024\/05\/Anette-Andersson_130418_0514_HIRES-2000pix-320x202.jpg 320w, https:\/\/valadalen.se\/wp-content\/uploads\/2024\/05\/Anette-Andersson_130418_0514_HIRES-2000pix-400x253.jpg 400w, https:\/\/valadalen.se\/wp-content\/uploads\/2024\/05\/Anette-Andersson_130418_0514_HIRES-2000pix-600x379.jpg 600w, https:\/\/valadalen.se\/wp-content\/uploads\/2024\/05\/Anette-Andersson_130418_0514_HIRES-2000pix-700x441.jpg 700w, https:\/\/valadalen.se\/wp-content\/uploads\/2024\/05\/Anette-Andersson_130418_0514_HIRES-2000pix-768x485.jpg 768w, https:\/\/valadalen.se\/wp-content\/uploads\/2024\/05\/Anette-Andersson_130418_0514_HIRES-2000pix-800x505.jpg 800w, https:\/\/valadalen.se\/wp-content\/uploads\/2024\/05\/Anette-Andersson_130418_0514_HIRES-2000pix-1024x647.jpg 1024w, https:\/\/valadalen.se\/wp-content\/uploads\/2024\/05\/Anette-Andersson_130418_0514_HIRES-2000pix-1200x758.jpg 1200w, https:\/\/valadalen.se\/wp-content\/uploads\/2024\/05\/Anette-Andersson_130418_0514_HIRES-2000pix-1536x970.jpg 1536w, https:\/\/valadalen.se\/wp-content\/uploads\/2024\/05\/Anette-Andersson_130418_0514_HIRES-2000pix.jpg 1900w\" sizes=\"(max-width: 1900px) 100vw, 1900px\" \/><\/div><\/div><\/div><\/div><div class=\"fusion-column-wrapper fusion-column-has-shadow fusion-flex-justify-content-flex-end fusion-content-layout-column\"><div class=\"awb-column__content\"><\/div><\/div><\/div><div class=\"fusion-layout-column fusion_builder_column fusion-builder-column-1 fusion-flex-column fusion-animated\" style=\"--awb-padding-top:4vw;--awb-padding-right:6vw;--awb-padding-bottom:3vw;--awb-padding-left:6vw;--awb-padding-top-medium:9vw;--awb-padding-bottom-medium:9vw;--awb-padding-top-small:30px;--awb-padding-right-small:30px;--awb-padding-bottom-small:30px;--awb-padding-left-small:30px;--awb-bg-color:var(--awb-color4);--awb-bg-color-hover:var(--awb-color4);--awb-bg-position:center center;--awb-bg-size:cover;--awb-width-large:43%;--awb-margin-top-large:0px;--awb-spacing-right-large:0px;--awb-margin-bottom-large:0px;--awb-spacing-left-large:0px;--awb-width-medium:100%;--awb-order-medium:0;--awb-spacing-right-medium:0px;--awb-spacing-left-medium:0px;--awb-width-small:100%;--awb-order-small:1;--awb-spacing-right-small:0px;--awb-spacing-left-small:0px;\" data-animationType=\"fadeIn\" data-animationDuration=\"0.8\" data-animationOffset=\"top-into-view\"><div class=\"fusion-column-wrapper fusion-column-has-shadow fusion-flex-justify-content-flex-start fusion-content-layout-row\"><div class=\"fusion-title title fusion-title-1 fusion-sep-none fusion-title-text fusion-title-size-one\" style=\"--awb-text-color:var(--awb-color6);--awb-margin-bottom:25px;--awb-margin-bottom-small:20px;--awb-margin-top-medium:0px;--awb-margin-right-medium:0px;--awb-font-size:50px;\"><h1 class=\"fusion-title-heading title-heading-left md-text-align-center fusion-responsive-typography-calculated\" style=\"margin:0;font-size:1em;--fontSize:50;line-height:1;\">Downhill skiing<\/h1><\/div><div class=\"fusion-text fusion-text-1 fusion-text-no-margin\" style=\"--awb-font-size:20px;--awb-line-height:1.5;--awb-text-color:var(--awb-color6);--awb-margin-bottom:20px;\"><p class=\"p1\">In V\u00e5l\u00e5dalen there is a simple alpine area with a lift. The main slope is 750 meters long and undulates nicely with a drop of 150 meters.<\/p>\n<\/div><div style=\"text-align:left;\"><a class=\"fusion-button button-flat fusion-button-default-size button-default fusion-button-default button-1 fusion-button-default-span fusion-button-default-type\" style=\"--button_padding-right:40px;--button_padding-left:40px;--button_margin-top:0px;--button_margin-bottom:30px;\" target=\"_self\" data-hover=\"text_slide_up\" href=\"https:\/\/valadalen.se\/en\/cross-country-skiing\/trail-fees-and-lift-passes\/\"><div class=\"awb-button-text-transition\"><span class=\"fusion-button-text\">Trail fees and lift passes<\/span><span class=\"fusion-button-text\">Trail fees and lift passes<\/span><\/div><\/a><\/div><div style=\"text-align:left;\"><a class=\"fusion-button button-flat fusion-button-default-size button-default fusion-button-default button-2 fusion-button-default-span fusion-button-default-type\" style=\"--button_padding-right:40px;--button_padding-left:40px;--button_margin-top:-30px;\" target=\"_self\" data-hover=\"text_slide_up\" href=\"https:\/\/valadalen.se\/en\/cross-country-skiing\/sports-floor\/\"><div class=\"awb-button-text-transition\"><span class=\"fusion-button-text\">Ski rental<\/span><span class=\"fusion-button-text\">Ski rental<\/span><\/div><\/a><\/div><div class=\"fusion-text fusion-text-2 md-text-align-center fusion-no-small-visibility fusion-no-large-visibility fusion-text-no-margin\" style=\"--awb-text-color:var(--awb-color1);--awb-margin-bottom:50px;\"><p>Non ultricies tempus nulla ipsum dictum sed porttitor quam sociis tincidunt.<\/p>\n<\/div><\/div><\/div><\/div><\/div><div class=\"fusion-fullwidth fullwidth-box fusion-builder-row-2 fusion-flex-container has-pattern-background has-mask-background nonhundred-percent-fullwidth non-hundred-percent-height-scrolling\" style=\"--awb-border-radius-top-left:0px;--awb-border-radius-top-right:0px;--awb-border-radius-bottom-right:0px;--awb-border-radius-bottom-left:0px;--awb-padding-bottom:50px;--awb-padding-bottom-medium:90px;--awb-padding-bottom-small:30px;--awb-background-color:#f0eee5;--awb-flex-wrap:wrap;\" ><div class=\"fusion-builder-row fusion-row fusion-flex-align-items-flex-start fusion-flex-content-wrap\" style=\"max-width:calc( 1200px + 65px );margin-left: calc(-65px \/ 2 );margin-right: calc(-65px \/ 2 );\"><div class=\"fusion-layout-column fusion_builder_column fusion-builder-column-2 fusion_builder_column_1_2 1_2 fusion-flex-column\" style=\"--awb-bg-size:cover;--awb-width-large:50%;--awb-margin-top-large:8%;--awb-spacing-right-large:32.5px;--awb-margin-bottom-large:4%;--awb-spacing-left-large:32.5px;--awb-width-medium:50%;--awb-order-medium:0;--awb-spacing-right-medium:32.5px;--awb-spacing-left-medium:32.5px;--awb-width-small:100%;--awb-order-small:0;--awb-spacing-right-small:32.5px;--awb-spacing-left-small:32.5px;\"><div class=\"fusion-column-wrapper fusion-column-has-shadow fusion-flex-justify-content-flex-start fusion-content-layout-column\"><div class=\"fusion-title title fusion-title-2 fusion-sep-none fusion-title-text fusion-title-size-two\" style=\"--awb-text-color:var(--awb-color6);--awb-margin-bottom-small:20px;--awb-font-size:40px;\"><h2 class=\"fusion-title-heading title-heading-left fusion-responsive-typography-calculated\" style=\"margin:0;font-size:1em;--fontSize:40;line-height:var(--awb-typography1-line-height);\">Enjoy the mountain from the slopes<\/h2><\/div><div class=\"fusion-text fusion-text-3\"><p><strong>In V\u00e5l\u00e5dalen there is a simple alpine area with a lift. The main slope is 750 meters long and undulates nicely with a drop of 150 meters.  <\/strong><\/p>\n<p>Next to the large groomed slope is an ungroomed slope for loose snow skiing. The lift can be used to advantage if you want to go up Ottfj\u00e4llet with touring skis, or to get to our ski tracks; Sapporo and Lill Sapporo.<\/p>\n<p>There is a shelter with a barbecue area at the top of the drag lift, the view from here is fantastic. With Ottfj\u00e4llet at your back, you have Sm\u00e4llh\u00f6garna and Lunnd\u00f6rrsfj\u00e4llen in front of your eyes. It&#8217;s easy to sit here and soak up the Swedish mountain world, preferably with a good coffee and some sausages to grill.<\/p>\n<\/div><\/div><\/div><div class=\"fusion-layout-column fusion_builder_column fusion-builder-column-3 fusion_builder_column_1_2 1_2 fusion-flex-column\" style=\"--awb-bg-size:cover;--awb-width-large:50%;--awb-margin-top-large:8%;--awb-spacing-right-large:32.5px;--awb-margin-bottom-large:4%;--awb-spacing-left-large:32.5px;--awb-width-medium:50%;--awb-order-medium:0;--awb-spacing-right-medium:32.5px;--awb-spacing-left-medium:32.5px;--awb-width-small:100%;--awb-order-small:0;--awb-margin-top-small:0;--awb-spacing-right-small:32.5px;--awb-spacing-left-small:32.5px;\"><div class=\"fusion-column-wrapper fusion-column-has-shadow fusion-flex-justify-content-flex-start fusion-content-layout-column\"><div class=\"fusion-title title fusion-title-3 fusion-sep-none fusion-title-text fusion-title-size-two\" style=\"--awb-text-color:var(--awb-color6);--awb-margin-bottom-small:20px;--awb-font-size:30px;\"><h2 class=\"fusion-title-heading title-heading-left fusion-responsive-typography-calculated\" style=\"margin:0;font-size:1em;--fontSize:30;line-height:var(--awb-typography1-line-height);\">Practical<\/h2><\/div><div class=\"fusion-text fusion-text-4\"><p>The lift is open during school holidays v.10-12 and v.13-16<strong>. <\/strong>During Easter the lift is open: March 28 &#8211; April 7.<\/p>\n<p>Do <strong style=\"color: var(--awb-text-color); font-family: var(--awb-text-font-family); font-size: var(--awb-font-size); font-style: var(--awb-text-font-style); letter-spacing: var(--awb-letter-spacing); text-align: var(--awb-content-alignment); text-transform: var(--awb-text-transform); background-color: var(--awb-bg-color-hover);\">you want to subscribe to our slope?<br \/>\n<\/strong>Contact us by e-mail <a href=\"https:\/\/www.valadalen.se\/sv\/sporten@valadalen.se\">sporten@valadalen.se<\/a> or by phone: 0647-353 00.<\/p>\n<\/div><\/div><\/div><\/div><\/div><div class=\"fusion-fullwidth fullwidth-box fusion-builder-row-3 fusion-flex-container has-pattern-background has-mask-background nonhundred-percent-fullwidth non-hundred-percent-height-scrolling\" style=\"--awb-background-position:left center;--awb-border-radius-top-left:0px;--awb-border-radius-top-right:0px;--awb-border-radius-bottom-right:0px;--awb-border-radius-bottom-left:0px;--awb-padding-top:100px;--awb-padding-bottom:100px;--awb-padding-top-medium:90px;--awb-padding-bottom-medium:90px;--awb-padding-top-small:30px;--awb-padding-bottom-small:30px;--awb-background-color:var(--awb-color1);--awb-flex-wrap:wrap;\" ><div class=\"fusion-builder-row fusion-row fusion-flex-align-items-flex-start fusion-flex-justify-content-center fusion-flex-content-wrap\" style=\"max-width:calc( 1200px + 0px );margin-left: calc(-0px \/ 2 );margin-right: calc(-0px \/ 2 );\"><div class=\"fusion-layout-column fusion_builder_column fusion-builder-column-4 fusion_builder_column_2_5 2_5 fusion-flex-column\" style=\"--awb-bg-size:cover;--awb-width-large:40%;--awb-margin-top-large:0px;--awb-spacing-right-large:0px;--awb-margin-bottom-large:0px;--awb-spacing-left-large:0px;--awb-width-medium:40%;--awb-order-medium:0;--awb-spacing-right-medium:0px;--awb-spacing-left-medium:0px;--awb-width-small:100%;--awb-order-small:0;--awb-spacing-right-small:0px;--awb-spacing-left-small:0px;\"><div class=\"fusion-column-wrapper fusion-column-has-shadow fusion-flex-justify-content-flex-start fusion-content-layout-column\"><div class=\"fusion-image-element \" style=\"--awb-aspect-ratio:1 \/ 1;--awb-object-position:0% 47%;--awb-caption-title-font-family:var(--h2_typography-font-family);--awb-caption-title-font-weight:var(--h2_typography-font-weight);--awb-caption-title-font-style:var(--h2_typography-font-style);--awb-caption-title-size:var(--h2_typography-font-size);--awb-caption-title-transform:var(--h2_typography-text-transform);--awb-caption-title-line-height:var(--h2_typography-line-height);--awb-caption-title-letter-spacing:var(--h2_typography-letter-spacing);\"><span class=\" fusion-imageframe imageframe-none imageframe-1 hover-type-none has-aspect-ratio fusion-animated\" style=\"--awb-animation-color:var(--awb-color1);\" data-animationType=\"revealInLeft\" data-animationDuration=\"0.8\" data-animationDelay=\"0.3\" data-animationOffset=\"top-into-view\"><img decoding=\"async\" width=\"1920\" height=\"1338\" title=\"skid-lift\" src=\"https:\/\/valadalen.se\/wp-content\/uploads\/2024\/05\/skid-lift.jpg\" class=\"img-responsive wp-image-1148 img-with-aspect-ratio\" alt srcset=\"https:\/\/valadalen.se\/wp-content\/uploads\/2024\/05\/skid-lift-200x139.jpg 200w, https:\/\/valadalen.se\/wp-content\/uploads\/2024\/05\/skid-lift-400x279.jpg 400w, https:\/\/valadalen.se\/wp-content\/uploads\/2024\/05\/skid-lift-600x418.jpg 600w, https:\/\/valadalen.se\/wp-content\/uploads\/2024\/05\/skid-lift-800x558.jpg 800w, https:\/\/valadalen.se\/wp-content\/uploads\/2024\/05\/skid-lift-1200x836.jpg 1200w, https:\/\/valadalen.se\/wp-content\/uploads\/2024\/05\/skid-lift.jpg 1920w\" sizes=\"(max-width: 640px) 100vw, 600px\" \/><\/span><\/div><\/div><\/div><div class=\"fusion-layout-column fusion_builder_column fusion-builder-column-5 fusion_builder_column_3_5 3_5 fusion-flex-column fusion-flex-align-self-center fusion-animated\" style=\"--awb-z-index:99999;--awb-padding-top:70px;--awb-padding-right:90px;--awb-padding-bottom:70px;--awb-padding-left:90px;--awb-padding-top-medium:60px;--awb-padding-right-medium:60px;--awb-padding-bottom-medium:60px;--awb-padding-left-medium:60px;--awb-padding-top-small:30px;--awb-padding-right-small:30px;--awb-padding-bottom-small:30px;--awb-padding-left-small:30px;--awb-bg-color:var(--awb-color2);--awb-bg-color-hover:var(--awb-color2);--awb-bg-size:cover;--awb-width-large:60%;--awb-margin-top-large:0px;--awb-spacing-right-large:0px;--awb-margin-bottom-large:0px;--awb-spacing-left-large:-50px;--awb-width-medium:60%;--awb-order-medium:0;--awb-spacing-right-medium:0px;--awb-spacing-left-medium:-50px;--awb-width-small:100%;--awb-order-small:0;--awb-spacing-right-small:0px;--awb-spacing-left-small:0px;\" data-animationType=\"fadeInLeft\" data-animationDuration=\"0.8\" data-animationDelay=\"0.8\" data-animationOffset=\"top-into-view\"><div class=\"fusion-column-wrapper fusion-column-has-shadow fusion-flex-justify-content-flex-start fusion-content-layout-column\"><div class=\"fusion-title title fusion-title-4 fusion-sep-none fusion-title-text fusion-title-size-four\" style=\"--awb-text-color:var(--awb-color6);\"><h4 class=\"fusion-title-heading title-heading-left fusion-responsive-typography-calculated\" style=\"margin:0;--fontSize:24;line-height:var(--awb-typography1-line-height);\">Tired of company?<\/h4><\/div><div class=\"fusion-title title fusion-title-5 fusion-sep-none fusion-title-text fusion-title-size-two\" style=\"--awb-text-color:var(--awb-color6);--awb-margin-bottom:20px;--awb-font-size:40px;\"><h2 class=\"fusion-title-heading title-heading-left fusion-responsive-typography-calculated\" style=\"margin:0;font-size:1em;--fontSize:40;line-height:var(--awb-typography1-line-height);\">Subscribe to slope and lift<\/h2><\/div><div class=\"fusion-text fusion-text-5 fusion-text-no-margin\"><p>You as a private person or company can subscribe to the lift and slope. Cost for full day 4500:- inc. moms. Reservations must be made at least 2 weeks in advance.<\/p>\n<\/div><div ><a class=\"fusion-button button-flat fusion-button-default-size button-default fusion-button-default button-3 fusion-button-default-span fusion-button-default-type\" style=\"--button_padding-right:40px;--button_padding-left:40px;--button_margin-top:40px;\" target=\"_self\" data-hover=\"text_slide_up\" href=\"mailto: sporten@valadalen.se\"><div class=\"awb-button-text-transition\"><span class=\"fusion-button-text\">Contact us for more information<\/span><span class=\"fusion-button-text\">Contact us for more information<\/span><\/div><\/a><\/div><\/div><\/div><\/div><\/div><\/p>\n","protected":false},"excerpt":{"rendered":"","protected":false},"author":1,"featured_media":0,"parent":1486,"menu_order":0,"comment_status":"closed","ping_status":"closed","template":"100-width.php","meta":{"footnotes":""},"class_list":["post-1484","page","type-page","status-publish","hentry"],"yoast_head":"<!-- This site is optimized with the Yoast SEO plugin v25.3.1 - https:\/\/yoast.com\/wordpress\/plugins\/seo\/ -->\n<title>Downhill skiing | V\u00e5l\u00e5dalens Fj\u00e4llstation<\/title>\n<meta name=\"robots\" content=\"index, follow, max-snippet:-1, max-image-preview:large, max-video-preview:-1\" \/>\n<link rel=\"canonical\" href=\"https:\/\/valadalen.se\/en\/winter\/downhill-skiing\/\" \/>\n<meta property=\"og:locale\" content=\"en_US\" \/>\n<meta property=\"og:type\" content=\"article\" \/>\n<meta property=\"og:title\" content=\"Downhill skiing | V\u00e5l\u00e5dalens Fj\u00e4llstation\" \/>\n<meta property=\"og:url\" content=\"https:\/\/valadalen.se\/en\/winter\/downhill-skiing\/\" \/>\n<meta property=\"og:site_name\" content=\"V\u00e5l\u00e5dalens Fj\u00e4llstation\" \/>\n<meta property=\"article:publisher\" content=\"https:\/\/www.facebook.com\/valadalen\/\" \/>\n<meta property=\"article:modified_time\" content=\"2024-06-13T12:38:05+00:00\" \/>\n<meta property=\"og:image\" content=\"https:\/\/valadalen.se\/wp-content\/uploads\/2024\/05\/Anette-Andersson_140818_4592_HIRES-hemsidan.jpg\" \/>\n\t<meta property=\"og:image:width\" content=\"1900\" \/>\n\t<meta property=\"og:image:height\" content=\"670\" \/>\n\t<meta property=\"og:image:type\" content=\"image\/jpeg\" \/>\n<meta name=\"twitter:card\" content=\"summary_large_image\" \/>\n<meta name=\"twitter:label1\" content=\"Est. reading time\" \/>\n\t<meta name=\"twitter:data1\" content=\"17 minutes\" \/>\n<script type=\"application\/ld+json\" class=\"yoast-schema-graph\">{\"@context\":\"https:\/\/schema.org\",\"@graph\":[{\"@type\":\"WebPage\",\"@id\":\"https:\/\/valadalen.se\/en\/winter\/downhill-skiing\/\",\"url\":\"https:\/\/valadalen.se\/en\/winter\/downhill-skiing\/\",\"name\":\"Downhill skiing | V\u00e5l\u00e5dalens Fj\u00e4llstation\",\"isPartOf\":{\"@id\":\"https:\/\/valadalen.se\/en\/#website\"},\"datePublished\":\"2024-05-24T09:47:28+00:00\",\"dateModified\":\"2024-06-13T12:38:05+00:00\",\"breadcrumb\":{\"@id\":\"https:\/\/valadalen.se\/en\/winter\/downhill-skiing\/#breadcrumb\"},\"inLanguage\":\"en-US\",\"potentialAction\":[{\"@type\":\"ReadAction\",\"target\":[\"https:\/\/valadalen.se\/en\/winter\/downhill-skiing\/\"]}]},{\"@type\":\"BreadcrumbList\",\"@id\":\"https:\/\/valadalen.se\/en\/winter\/downhill-skiing\/#breadcrumb\",\"itemListElement\":[{\"@type\":\"ListItem\",\"position\":1,\"name\":\"Hem\",\"item\":\"https:\/\/valadalen.se\/en\/\"},{\"@type\":\"ListItem\",\"position\":2,\"name\":\"Winter\",\"item\":\"https:\/\/valadalen.se\/en\/winter\/\"},{\"@type\":\"ListItem\",\"position\":3,\"name\":\"Downhill skiing\"}]},{\"@type\":\"WebSite\",\"@id\":\"https:\/\/valadalen.se\/en\/#website\",\"url\":\"https:\/\/valadalen.se\/en\/\",\"name\":\"V\u00e5l\u00e5dalens Fj\u00e4llstation\",\"description\":\"I V\u00e5l\u00e5dalen m\u00f6ts v\u00e4rldens b\u00e4sta skid\u00e5kare, glada motion\u00e4rer och barnfamiljer.\",\"publisher\":{\"@id\":\"https:\/\/valadalen.se\/en\/#organization\"},\"alternateName\":\"V\u00e5l\u00e5dalens Fj\u00e4llstation\",\"potentialAction\":[{\"@type\":\"SearchAction\",\"target\":{\"@type\":\"EntryPoint\",\"urlTemplate\":\"https:\/\/valadalen.se\/en\/?s={search_term_string}\"},\"query-input\":{\"@type\":\"PropertyValueSpecification\",\"valueRequired\":true,\"valueName\":\"search_term_string\"}}],\"inLanguage\":\"en-US\"},{\"@type\":\"Organization\",\"@id\":\"https:\/\/valadalen.se\/en\/#organization\",\"name\":\"V\u00e5l\u00e5dalens Fj\u00e4llstation\",\"url\":\"https:\/\/valadalen.se\/en\/\",\"logo\":{\"@type\":\"ImageObject\",\"inLanguage\":\"en-US\",\"@id\":\"https:\/\/valadalen.se\/en\/#\/schema\/logo\/image\/\",\"url\":\"https:\/\/valadalen.se\/wp-content\/uploads\/2024\/05\/valadalen-logotyp-mob@2x.webp\",\"contentUrl\":\"https:\/\/valadalen.se\/wp-content\/uploads\/2024\/05\/valadalen-logotyp-mob@2x.webp\",\"width\":300,\"height\":57,\"caption\":\"V\u00e5l\u00e5dalens Fj\u00e4llstation\"},\"image\":{\"@id\":\"https:\/\/valadalen.se\/en\/#\/schema\/logo\/image\/\"},\"sameAs\":[\"https:\/\/www.facebook.com\/valadalen\/\",\"https:\/\/www.instagram.com\/valadalensfjallstation\/\"]}]}<\/script>\n<!-- \/ Yoast SEO plugin. -->","yoast_head_json":{"title":"Downhill skiing | V\u00e5l\u00e5dalens Fj\u00e4llstation","robots":{"index":"index","follow":"follow","max-snippet":"max-snippet:-1","max-image-preview":"max-image-preview:large","max-video-preview":"max-video-preview:-1"},"canonical":"https:\/\/valadalen.se\/en\/winter\/downhill-skiing\/","og_locale":"en_US","og_type":"article","og_title":"Downhill skiing | V\u00e5l\u00e5dalens Fj\u00e4llstation","og_url":"https:\/\/valadalen.se\/en\/winter\/downhill-skiing\/","og_site_name":"V\u00e5l\u00e5dalens Fj\u00e4llstation","article_publisher":"https:\/\/www.facebook.com\/valadalen\/","article_modified_time":"2024-06-13T12:38:05+00:00","og_image":[{"width":1900,"height":670,"url":"https:\/\/valadalen.se\/wp-content\/uploads\/2024\/05\/Anette-Andersson_140818_4592_HIRES-hemsidan.jpg","type":"image\/jpeg"}],"twitter_card":"summary_large_image","twitter_misc":{"Est. reading time":"17 minutes"},"schema":{"@context":"https:\/\/schema.org","@graph":[{"@type":"WebPage","@id":"https:\/\/valadalen.se\/en\/winter\/downhill-skiing\/","url":"https:\/\/valadalen.se\/en\/winter\/downhill-skiing\/","name":"Downhill skiing | V\u00e5l\u00e5dalens Fj\u00e4llstation","isPartOf":{"@id":"https:\/\/valadalen.se\/en\/#website"},"datePublished":"2024-05-24T09:47:28+00:00","dateModified":"2024-06-13T12:38:05+00:00","breadcrumb":{"@id":"https:\/\/valadalen.se\/en\/winter\/downhill-skiing\/#breadcrumb"},"inLanguage":"en-US","potentialAction":[{"@type":"ReadAction","target":["https:\/\/valadalen.se\/en\/winter\/downhill-skiing\/"]}]},{"@type":"BreadcrumbList","@id":"https:\/\/valadalen.se\/en\/winter\/downhill-skiing\/#breadcrumb","itemListElement":[{"@type":"ListItem","position":1,"name":"Hem","item":"https:\/\/valadalen.se\/en\/"},{"@type":"ListItem","position":2,"name":"Winter","item":"https:\/\/valadalen.se\/en\/winter\/"},{"@type":"ListItem","position":3,"name":"Downhill skiing"}]},{"@type":"WebSite","@id":"https:\/\/valadalen.se\/en\/#website","url":"https:\/\/valadalen.se\/en\/","name":"V\u00e5l\u00e5dalens Fj\u00e4llstation","description":"I V\u00e5l\u00e5dalen m\u00f6ts v\u00e4rldens b\u00e4sta skid\u00e5kare, glada motion\u00e4rer och barnfamiljer.","publisher":{"@id":"https:\/\/valadalen.se\/en\/#organization"},"alternateName":"V\u00e5l\u00e5dalens Fj\u00e4llstation","potentialAction":[{"@type":"SearchAction","target":{"@type":"EntryPoint","urlTemplate":"https:\/\/valadalen.se\/en\/?s={search_term_string}"},"query-input":{"@type":"PropertyValueSpecification","valueRequired":true,"valueName":"search_term_string"}}],"inLanguage":"en-US"},{"@type":"Organization","@id":"https:\/\/valadalen.se\/en\/#organization","name":"V\u00e5l\u00e5dalens Fj\u00e4llstation","url":"https:\/\/valadalen.se\/en\/","logo":{"@type":"ImageObject","inLanguage":"en-US","@id":"https:\/\/valadalen.se\/en\/#\/schema\/logo\/image\/","url":"https:\/\/valadalen.se\/wp-content\/uploads\/2024\/05\/valadalen-logotyp-mob@2x.webp","contentUrl":"https:\/\/valadalen.se\/wp-content\/uploads\/2024\/05\/valadalen-logotyp-mob@2x.webp","width":300,"height":57,"caption":"V\u00e5l\u00e5dalens Fj\u00e4llstation"},"image":{"@id":"https:\/\/valadalen.se\/en\/#\/schema\/logo\/image\/"},"sameAs":["https:\/\/www.facebook.com\/valadalen\/","https:\/\/www.instagram.com\/valadalensfjallstation\/"]}]}},"_links":{"self":[{"href":"https:\/\/valadalen.se\/en\/wp-json\/wp\/v2\/pages\/1484","targetHints":{"allow":["GET"]}}],"collection":[{"href":"https:\/\/valadalen.se\/en\/wp-json\/wp\/v2\/pages"}],"about":[{"href":"https:\/\/valadalen.se\/en\/wp-json\/wp\/v2\/types\/page"}],"author":[{"embeddable":true,"href":"https:\/\/valadalen.se\/en\/wp-json\/wp\/v2\/users\/1"}],"replies":[{"embeddable":true,"href":"https:\/\/valadalen.se\/en\/wp-json\/wp\/v2\/comments?post=1484"}],"version-history":[{"count":6,"href":"https:\/\/valadalen.se\/en\/wp-json\/wp\/v2\/pages\/1484\/revisions"}],"predecessor-version":[{"id":1685,"href":"https:\/\/valadalen.se\/en\/wp-json\/wp\/v2\/pages\/1484\/revisions\/1685"}],"up":[{"embeddable":true,"href":"https:\/\/valadalen.se\/en\/wp-json\/wp\/v2\/pages\/1486"}],"wp:attachment":[{"href":"https:\/\/valadalen.se\/en\/wp-json\/wp\/v2\/media?parent=1484"}],"curies":[{"name":"wp","href":"https:\/\/api.w.org\/{rel}","templated":true}]}}